{"id":14,"date":"2024-11-28T18:15:48","date_gmt":"2024-11-28T18:15:48","guid":{"rendered":"https:\/\/www.bnw-mineral.com\/?page_id=14"},"modified":"2024-11-28T18:23:11","modified_gmt":"2024-11-28T18:23:11","slug":"pilzerkrankungen","status":"publish","type":"page","link":"http:\/\/www.bnw-mineral.com\/?page_id=14","title":{"rendered":"Pilzerkrankungen"},"content":{"rendered":"\n<p class=\"has-large-font-size\"><strong>Pilzerkrankungen und Nano-Silizium \/ DynamSi<\/strong><\/p>\n\n\n\n<p><strong>Krankheitsbild:<\/strong><\/p>\n\n\n\n<p>Die Diagnose \u201ePilzerkrankung\u201c wird meist vom Hautarzt bzw. vom Allgemeinmediziner gestellt und wird durch weitere Laboruntersuchungen auf den Typ der \u201ePilze\u201c eingegrenzt. Nur mit dieser Methode kann eine Pilzerkrankung gezielt bek\u00e4mpft werden. Derzeit kann man feststellen, dass die Pilzerkrankungen in ihrer Vielfalt, in den Verbreitungsgebieten und in der H\u00e4ufigkeit weltweit stark zunehmen. Die Vielf\u00e4ltigkeit der Pilzerkrankungen r\u00fchren meist aus einer Schw\u00e4chung des Immunsystems her und deshalb ist es f\u00fcr den Betroffenen wichtig, mehrere Wege der Bek\u00e4mpfung der Pilzerkrankung einzusetzen (\u00e4u\u00dferlich\/innerlich). Ziel sollte sein, das gesch\u00e4digte Immunsystem zu verbessern und zu stabilisieren, damit die Pilzerkrankung besser bek\u00e4mpft werden kann. Die Schleimh\u00e4ute sind hier am anf\u00e4lligsten und deshalb gilt es, besonders diese zu unterst\u00fctzen.<\/p>\n\n\n\n<p>Eine kleine Anzahl von Pilzerkrankungen, die sehr stark verbreitet sind, sind nachstehend aufgef\u00fchrt:<\/p>\n\n\n\n<p>Scheidenpilz Vaginalmykose, Vulvovaginitis, Soorkolpitis, usw. Mundpilz, Rachenpilz, Pilzerkrankungen allgemein z.B. Mittelohrentz\u00fcndung usw.<\/p>\n\n\n\n<p><strong>Medikamente:<\/strong><\/p>\n\n\n\n<p>Die Pilzerkrankungen werden mit wirksamen Medikamenten bek\u00e4mpft, wobei diese (Antibiotika, Immundepressiva,<br>Schmerzmittel, Kortison usw.) auch Pilzerkrankungen beg\u00fcnstigen k\u00f6nnen. Weitere Umst\u00e4nde f\u00fcr die Verbreitung<br>von Pilzkrankheiten k\u00f6nnen sein, z.B. Operationen, Strahlen-, Chemotherapien, Hormonbehandlungen, Katheder,<br>Kontaktlinsen, Zahnbehandlungen, Zahnprothesen, Umweltgifte etc.<\/p>\n\n\n\n<p><strong>Ern\u00e4hrung:<\/strong><\/p>\n\n\n\n<p>Eine einheitliche, vorgeschriebene Empfehlung f\u00fcr die Ern\u00e4hrung von Pilzerkrankung Betroffenen ist nicht m\u00f6glich. Es sollte eine Ern\u00e4hrung angestrebt werden, die keine Mangelerscheinungen hervorruft und das Immunsystem st\u00e4rkt. Als \u201eEntgiftungsmedium\u201c wird die Nahrungsmittel-Erg\u00e4nzung Nano-Silizium \/ DynamSi empfohlen, da schon einige, von Pilzerkrankungen Betroffene, mit DynamSi ihr Immunsystem wieder gest\u00e4rkt haben. Begleitend hierzu wurde z.B. bei Scheidenpilz DynamSi \u00e4u\u00dferlich angewendet (mittels Tampon bzw. Einreiben der betroffenen Stellen mit getr\u00e4nkten Watteb\u00e4llchen).<\/p>\n\n\n\n<p>Es empfiehlt es sich, dass ein Pilzerkrankung Betroffener seine Nahrung mit DynamSi (Nano-Silizium) erg\u00e4nzt \u2013 pro Tag 3 mal zwei Teel\u00f6ffel, f\u00fcr eine Dauer von ca. 3 bis 4 Wochen. DynamSi ist eine rein nat\u00fcrliche Nahrungsmittelerg\u00e4nzung mit den entgiftenden Eigenschaften von Silizium. Es ist wichtig, dass das Silizium kolloidal mit dynamisierten Wasser zur Verf\u00fcgung steht, damit die Zellg\u00e4ngigkeit verbessert eintreten und somit die Pilzerkrankung beseitigt werden kann.<\/p>\n\n\n\n<p>Verwendung dieses Berichtes \u2013 auch nur auszugsweise \u2013 nur mit Genehmigung der BNW Best Nature Wellness Limited, London September 2006.<\/p>\n\n\n\n<p><\/p>\n","protected":false},"excerpt":{"rendered":"<p>Pilzerkrankungen und Nano-Silizium \/ DynamSi Krankheitsbild: Die Diagnose \u201ePilzerkrankung\u201c wird meist vom Hautarzt bzw. vom Allgemeinmediziner gestellt und wird durch weitere Laboruntersuchungen auf den Typ der \u201ePilze\u201c eingegrenzt. Nur mit dieser Methode kann eine Pilzerkrankung gezielt bek\u00e4mpft werden. Derzeit kann man feststellen, dass die Pilzerkrankungen in ihrer Vielfalt, in den Verbreitungsgebieten und in der H\u00e4ufigkeit [&hellip;]<\/p>\n","protected":false},"author":1,"featured_media":0,"parent":0,"menu_order":1,"comment_status":"closed","ping_status":"closed","template":"","meta":{"footnotes":""},"class_list":["post-14","page","type-page","status-publish","hentry"],"_links":{"self":[{"href":"http:\/\/www.bnw-mineral.com\/index.php?rest_route=\/wp\/v2\/pages\/14","targetHints":{"allow":["GET"]}}],"collection":[{"href":"http:\/\/www.bnw-mineral.com\/index.php?rest_route=\/wp\/v2\/pages"}],"about":[{"href":"http:\/\/www.bnw-mineral.com\/index.php?rest_route=\/wp\/v2\/types\/page"}],"author":[{"embeddable":true,"href":"http:\/\/www.bnw-mineral.com\/index.php?rest_route=\/wp\/v2\/users\/1"}],"replies":[{"embeddable":true,"href":"http:\/\/www.bnw-mineral.com\/index.php?rest_route=%2Fwp%2Fv2%2Fcomments&post=14"}],"version-history":[{"count":1,"href":"http:\/\/www.bnw-mineral.com\/index.php?rest_route=\/wp\/v2\/pages\/14\/revisions"}],"predecessor-version":[{"id":16,"href":"http:\/\/www.bnw-mineral.com\/index.php?rest_route=\/wp\/v2\/pages\/14\/revisions\/16"}],"wp:attachment":[{"href":"http:\/\/www.bnw-mineral.com\/index.php?rest_route=%2Fwp%2Fv2%2Fmedia&parent=14"}],"curies":[{"name":"wp","href":"https:\/\/api.w.org\/{rel}","templated":true}]}}