{"id":20,"date":"2024-11-28T18:20:34","date_gmt":"2024-11-28T18:20:34","guid":{"rendered":"https:\/\/www.bnw-mineral.com\/?page_id=20"},"modified":"2024-11-28T18:23:22","modified_gmt":"2024-11-28T18:23:22","slug":"scheidenpilz","status":"publish","type":"page","link":"http:\/\/www.bnw-mineral.com\/?page_id=20","title":{"rendered":"Scheidenpilz"},"content":{"rendered":"\n<p>Die Firma Best Nature Wellness, London hat den Gesch\u00e4ftsbetrieb eingestellt.<br>Die Produktion und der Weitervertrieb der Best Nature Wellness Produktlinie wurde an die Firma<br>A.F.P GmbH &amp; Co. KG, M\u00fcnchner Bundesstr. 202, A-5020 Salzburg \u00fcbergeben.<\/p>\n\n\n\n<p>Die Webseite der Firma A.F.P. zum Thema Scheidenpilz erreichen Sie unter folgendem Link\u00a0Scheidenpilz Behandlung<\/p>\n\n\n\n<p>Scheidenpilz\u00a0(Vaginalmykosen) k\u00f6nnen Sie jetzt erfolgreich auf nat\u00fcrlichem Weg behandeln.<br><br>Warum\u00a0Dynamsi\u00a0bei\u00a0Scheidenpilz\u00a0?<\/p>\n\n\n\n<p>DynamSi\u00a0besteht nur aus:<\/p>\n\n\n\n<p>&#8211; dynamisiertem Wasser\u00a0&#8211; speziell aufbereitetem Wasser<br>&#8211; kolloidalem\u00a0Nano-Silizium\u00a0&#8211; hochfein aufgel\u00f6ster Kieselerde<br><br>Kolloidales Nano-Silizium DynamSi wirkt:<br><br>&#8211; ohne Hormone<br>&#8211; ohne Antibiotika<br>&#8211; ohne Chemie<br>&#8211; ohne Konservierungsstoffe<br>&#8211; ohne irgendwelche Zusatzstoffe<\/p>\n\n\n\n<p>Kolloidales Nano-Silizium DynamSi ist<br><br>&#8211; antibakteriell<br>&#8211; ein Antimykotika &#8211; ein Mittel gegen Pilzerkrankungen<br>&#8211; ein Aktivator des Immunsystems &#8211; stimuliert also das k\u00f6rpereigene Immunsystem<br>&#8211; entgiftend f\u00fcr den K\u00f6rper<br><br>Dadurch ist eine Bek\u00e4mpfung von\u00a0Scheidenpilz\u00a0auf nat\u00fcrliche Weise m\u00f6glich. Die genaue Wirkungsweise von\u00a0kolloidalem Nano-Silizium\u00a0k\u00f6nnen Sie\u00a0hier\u00a0nachlesen.<br><br>\u00dcberzeugende R\u00fcckmeldungen von Kundinnnen (Namen und Adressen sind uns bekannt):<\/p>\n\n\n\n<p><em>Seit 15 Jahren hatte ich chronischen Darm und Scheidenpilz, jegliche Behandlung brachte nur<br>kurzzeitigen Erfolg.Probiert habe ich alles &#8211; \u00fcber Di\u00e4ten, Gyn\u00e4kologen<br>und Hom\u00e4opathie. Dauernden Erfolg brachte erst das Silizium.<br>Nach ca. 1 Monat Besserung, jetzt seit ca. 1\/2 Jahr keine Problem mehr !<br>F\u00fcr mich fast wie ein Wunder. Ich werde Silizium ein Lebenlang nehmen.<\/em><\/p>\n\n\n\n<p><em>Seit Jahren leide auch ich an immer wiederkehrenden Vaginal Pilzen.<\/em><\/p>\n\n\n\n<p><em>Der Behandlungserfolg von den verschiedensten Frauen\u00e4rzten waren immer nur von kurzer Dauer.<br>Meist schlugen die verordneten Medikamente gar nicht mehr an. Das Silizium verzehre ich seit ca. 12 Tagen.<br>Schon nach 5 Tagen waren jegliche Symptome verschwunden. Meine Lebensqualit\u00e4t hat sich seither enorm<br>gesteigert und ich gehe stark davon aus, das das auch so bleibt.Ich werde Silizium jetzt immer nehmen.<\/em><\/p>\n\n\n\n<figure class=\"wp-block-table\"><table class=\"has-fixed-layout\"><tbody><tr><td><a href=\"https:\/\/web.archive.org\/web\/20130603063903\/http:\/\/www.bnw-mineral.com\/shop\/shop.html\"><\/a><\/td><td>Wir empfehlen bei\u00a0Scheidenpilz\u00a0unser kolloidales Nano-Silizium\u00a0DynamSi.<br><br>Zur St\u00e4rkung der Abwehrkr\u00e4fte: 3 x t\u00e4glich 2 Teel\u00f6ffel\u00a0DynamSi\u00a0in ausreichend Wasser. Unser kolloidiales Nano Silizium ist ein schnell wirkender Aktivator des Immunsystems.Speziell f\u00fcr die direkte und pflegende Behandlung der unangenehmen Symptome wie Juckreiz und Hautr\u00f6tungen bei\u00a0Scheidenpilz\u00a0wurde unsere\u00a0Nano Silizium Creme\u00a0entwickelt.Die Creme wirkt pflegend, k\u00fchlend und entz\u00fcndungshemmend auf die gereizten Hautpartien ein. F\u00fcr die effektive innerliche und \u00e4usserliche Behandlung von\u00a0Scheidenpilz\u00a0haben wir unser\u00a0DynamCSet\u00a0f\u00fcr Sie zusammengesestellt, bestehend aus:250ml\u00a0DynamSi\u00a0fl\u00fcssig in der Glasflasche<br>50g\u00a0DynamSi\u00a0Nano-Silizium Creme im Tiegel.<\/td><\/tr><\/tbody><\/table><\/figure>\n\n\n\n<p><br>Scheidenpilz\u00a0(Vaginalmykose), auch bezeichnet als vaginale Pilzinfektion, ist die h\u00e4ufigste genitale Infektion bei Frauen. Der\u00a0Scheidenpilz\u00a0wird haupts\u00e4chlich durch den Hefepilz Candida albicans verursacht, daher spricht man auch von Candidose (Kandidose) oder Soor.<br><br>In der gesunden Scheidenflora befinden sich Pilze, Bakterien und Keime in einem gesunden Gleichgewicht. Bei St\u00f6rung des Gleichgewichtes vermehren sich die Pilze, eine Infektion wird ausgel\u00f6st. Weitere Quellen f\u00fcr den\u00a0Scheidenpilz\u00a0sind der Margen-Darm-Trakt, sowie eine \u00dcbertragung beim Geschlechtsverkehr.<br><br>Grundlage f\u00fcr die Ausbreitung von\u00a0Scheidenpilz\u00a0ist ein geschw\u00e4chtes Immunsystem. Dieses kann hervorgerufen werden durch Stress, Alkoholmissbrauch, Antibiotika, Immunsuppresiva bei Krebstherapien, Kortisongaben und Diabetes.<br><br>Durch \u00fcbertriebene K\u00f6rperhygiene wird das Scheidenmilieu zus\u00e4tzlich geschw\u00e4cht und eine Ausbreitung des\u00a0Scheidenpilzes\u00a0beg\u00fcnstigt.\u00a0Scheidenpilz\u00a0tritt h\u00e4ufig auch bei chronischen Erkrankungen wie Diabetes Typ 1, Diabetes Typ 2, Schilddr\u00fcsen\u00fcberfunktion, HIV-Infektion und Allergien auf.<\/p>\n\n\n\n<p>Symptome f\u00fcr eine\u00a0Scheidenpilz\u00a0Erkrankungen im \u00e4u\u00dferen Genitalbereich<\/p>\n\n\n\n<p>&#8211; starker Juckreiz<br>&#8211; Brennen, R\u00f6tung und Schwellung<br>&#8211; Schmerzen beim Wasserlassen<\/p>\n\n\n\n<p>Symptome f\u00fcr eine\u00a0Scheidenpilz\u00a0Erkrankung im inneren Scheidenbereich<\/p>\n\n\n\n<p>&#8211; Juckreiz und Brennen<br>&#8211; Schmerzen beim Geschlechtsverkehr<br>&#8211; grauwei\u00dfer, br\u00f6ckeliger Ausfluss<\/p>\n\n\n\n<p>Eine Eigenbehandlung von\u00a0Scheidenpilz\u00a0mit Joghurt oder anderen Hausmitteln ist erwiesenerma\u00dfen unwirksam\u00a0(Studie in Englisch\u00a0). Es besteht die Gefahr einer Verschleppung und das Risiko auf eine chronische Erkrankung mit\u00a0Scheidenpilz\u00a0wird erh\u00f6ht.<br><br>Allerdings gibt einige Vorsichtsma\u00dfnahmen die eine wiederholte Erkrankung durch\u00a0Scheidenpilz\u00a0verhindern k\u00f6nnen:<\/p>\n\n\n\n<p>&#8211; keine zuckerhaltige Ern\u00e4hrung<br>&#8211; Verzicht auf Alkohol<br>&#8211; keine Seife im Intimbereich verwenden<br>&#8211; nasse Badesachen wechseln<br>&#8211; St\u00e4rkung des Immunsystems durch ausgewogene Ern\u00e4hrung,<br>&#8211; Vermeidung von Stress<\/p>\n\n\n\n<p>Sollten Sie Fragen oder Anregungen haben klicken klicken sie bitte\u00a0HIER. Selbstverst\u00e4ndlich werden alle Fragen individuell und anonym per eMail beantwortet.<\/p>\n\n\n\n<p><\/p>\n","protected":false},"excerpt":{"rendered":"<p>Die Firma Best Nature Wellness, London hat den Gesch\u00e4ftsbetrieb eingestellt.Die Produktion und der Weitervertrieb der Best Nature Wellness Produktlinie wurde an die FirmaA.F.P GmbH &amp; Co. KG, M\u00fcnchner Bundesstr. 202, A-5020 Salzburg \u00fcbergeben. Die Webseite der Firma A.F.P. zum Thema Scheidenpilz erreichen Sie unter folgendem Link\u00a0Scheidenpilz Behandlung Scheidenpilz\u00a0(Vaginalmykosen) k\u00f6nnen Sie jetzt erfolgreich auf nat\u00fcrlichem Weg [&hellip;]<\/p>\n","protected":false},"author":1,"featured_media":0,"parent":0,"menu_order":3,"comment_status":"closed","ping_status":"closed","template":"","meta":{"footnotes":""},"class_list":["post-20","page","type-page","status-publish","hentry"],"_links":{"self":[{"href":"http:\/\/www.bnw-mineral.com\/index.php?rest_route=\/wp\/v2\/pages\/20","targetHints":{"allow":["GET"]}}],"collection":[{"href":"http:\/\/www.bnw-mineral.com\/index.php?rest_route=\/wp\/v2\/pages"}],"about":[{"href":"http:\/\/www.bnw-mineral.com\/index.php?rest_route=\/wp\/v2\/types\/page"}],"author":[{"embeddable":true,"href":"http:\/\/www.bnw-mineral.com\/index.php?rest_route=\/wp\/v2\/users\/1"}],"replies":[{"embeddable":true,"href":"http:\/\/www.bnw-mineral.com\/index.php?rest_route=%2Fwp%2Fv2%2Fcomments&post=20"}],"version-history":[{"count":1,"href":"http:\/\/www.bnw-mineral.com\/index.php?rest_route=\/wp\/v2\/pages\/20\/revisions"}],"predecessor-version":[{"id":22,"href":"http:\/\/www.bnw-mineral.com\/index.php?rest_route=\/wp\/v2\/pages\/20\/revisions\/22"}],"wp:attachment":[{"href":"http:\/\/www.bnw-mineral.com\/index.php?rest_route=%2Fwp%2Fv2%2Fmedia&parent=20"}],"curies":[{"name":"wp","href":"https:\/\/api.w.org\/{rel}","templated":true}]}}