{"id":27,"date":"2024-11-28T18:22:35","date_gmt":"2024-11-28T18:22:35","guid":{"rendered":"https:\/\/www.bnw-mineral.com\/?page_id=27"},"modified":"2024-11-28T18:23:48","modified_gmt":"2024-11-28T18:23:48","slug":"arthrose","status":"publish","type":"page","link":"http:\/\/www.bnw-mineral.com\/?page_id=27","title":{"rendered":"Arthrose"},"content":{"rendered":"\n<p class=\"has-large-font-size\"><strong>Nano-Silizium \/ DynamSi und Arthrose<\/strong><\/p>\n\n\n\n<p><strong>Krankheitsbild Arthrose:<\/strong><br>Arthrose ist die h\u00e4ufigste Gelenkerkrankung und wird durch die Ver\u00e4nderungen der Knorpel in den verschiedenen Gelenken hervorgerufen. Arthrose Betroffene haben verschiedene Schmerzen, wie z.B. Bewegungsbehinderung durch entz\u00fcndliche Schwellungen, Muskelverspannung in und um die betroffenen Gelenke. Arthrose kann bis zu Deformierung des Gelenkes f\u00fchren. Durch die R\u00fcckbildung der Knorpelmasse in den Gelenken entsteht Arthrose. Das Krank- heitsbild Arthrose wird nicht nur bei \u00e4lteren Mengschen registriert, sondern zunehmend auch bei j\u00fcngeren Personen.<\/p>\n\n\n\n<p><strong>Ursachen der Arthrose:<\/strong><br>Die \u201eVolkskrankheit\u201c Arthrose wird in zwei Klassen aufgeteilt: Prim\u00e4re Arthrose<br>Diese Art der Arthrose ist eine Entwicklung durch ein Ungleichgewicht zwischen der Belastung auf das Gelenk und der Belastungsf\u00e4higkeit des betroffenen Gelenkknorpels. Die prim\u00e4re Arthrose wird festgestellt, jedoch kann hier keine Begr\u00fcndung (z. B. Haltungsfehler, Fehlbelastung) abgeleitet werden. Das bedeutet, dass bei der prim\u00e4ren Arthrose noch ein Forschungsbedarf besteht. Sekund\u00e4re Arthrose Diese Art der Arthrose ist nachzuweisen, da die Gr\u00fcnde f\u00fcr die Verformung des Knorpels im betroffenen Gelenk erkl\u00e4rbar sind. So z.B. ist die Arthrose die Ur-sache von Haltungssch\u00e4den\/Fehlbelastung, \u00dcbergewicht auf l\u00e4ngere Zeitr\u00e4ume, Entz\u00fcndungen oder Verletzungen. Bei der sekund\u00e4ren Arthrose ist die festgestellte Ursache f\u00fcr die Behandlung durch den Facharzt sehr wichtig.<\/p>\n\n\n\n<p><strong>Arthrose und Medikamente:<\/strong><br>F\u00fcr eine Therapie sind die \u00fcblichen Rheuma- und Schmerzmittel gegen Arthrose verf\u00fcgbar und sind mit dem Facharzt (Orthop\u00e4de bzw. Sportmediziner) abzustimmen. Diese pharmakologischen Therapien erzeugen in den meisten F\u00e4llen bei Arthrose gute bis sehr gute Schmerzlinderung. Weiter f\u00fchrende Therapien bei Arthrose werden vom Facharzt auf die Belange des betroffenen Patienten festgelegt und abgestimmt.<\/p>\n\n\n\n<p><strong>Arthrose und orthop\u00e4dische Hilfsmittel<\/strong><br>Zur Verbesserung der Lebensqualit\u00e4t bei Arthrose Betroffene sind vielf\u00e4ltige Hilfsmittel m\u00f6glich, die jedoch mit dem Facharzt zu bestimmen sind. Nachstehend einige orthop\u00e4dische Hilfsmittel bei der Krankheit Arthrose:<br><br>-Schuhzurichtungen, Ma\u00dfeinlage, Pufferabsatz, Weichgummisohle<br>-Orthesen, Hilfen, wie z.B. Toilettensitzerh\u00f6hung, St\u00fctzstr\u00fcmpfe<br>-St\u00fctzen f\u00fcr Gelenke, Gehhilfen, wie z.B. Handstock<\/p>\n\n\n\n<p><strong>Ern\u00e4hrung und Arthrose<\/strong><br>Eine einheitliche Ern\u00e4hrung mit genannten Vorgaben ist bei Arthrose Betroffenen nicht m\u00f6glich. Es sollte eine ausgewogene Ern\u00e4hrung in Abstimmung mit dem Facharzt angestrebt werden, die keine Mangelerscheinungen hervorruft. Der Arthrose Betroffene sollte den Fleischkonsum einschr\u00e4nken und die \u201eGenussmittel\u201c , wie z.B. Kaffee, Tee, Zigaretten, Wein etc. reduzieren. Ein langw\u00e4hrendes \u00dcbergewicht ist in jedem Falle zu vermeiden. Als Nahrungsmittelg\u00e4nzung wird Nano-Silizium\/DynamSI empfohlen, da schon einige Arthrose betroffene mit DynamSi die Schwellungen, Muskelverspannungen verringert haben, bzw. ganz abstellen konnten. Hier empfiehlt es sich, dass ein Arthrose Betroffener seine Nahrung mit DynamSi (Nano-Silizium) erg\u00e4nzt \u2013 pro Tag 3 mal zwei Essl\u00f6ffel, f\u00fcr eine Dauer von ca. 6 bis 7 Wochen. DynamSi ist eine rein nat\u00fcrliche Nahrungsmittelerg\u00e4nzung mit den entgiftenden Eigenschaften von Silizium. Es ist wichtig, dass das Silizium kolloidal mit dynamisierten Wasser zur Verf\u00fcgung steht, damit die Zellg\u00e4ngigkeit verbessert eintreten kann. Zum Nano-Silizium (DynamSi) wird auch noch als Additiv Kalzium empfohlen.<br><br><\/p>\n","protected":false},"excerpt":{"rendered":"<p>Nano-Silizium \/ DynamSi und Arthrose Krankheitsbild Arthrose:Arthrose ist die h\u00e4ufigste Gelenkerkrankung und wird durch die Ver\u00e4nderungen der Knorpel in den verschiedenen Gelenken hervorgerufen. Arthrose Betroffene haben verschiedene Schmerzen, wie z.B. Bewegungsbehinderung durch entz\u00fcndliche Schwellungen, Muskelverspannung in und um die betroffenen Gelenke. Arthrose kann bis zu Deformierung des Gelenkes f\u00fchren. Durch die R\u00fcckbildung der Knorpelmasse in [&hellip;]<\/p>\n","protected":false},"author":1,"featured_media":0,"parent":0,"menu_order":5,"comment_status":"closed","ping_status":"closed","template":"","meta":{"footnotes":""},"class_list":["post-27","page","type-page","status-publish","hentry"],"_links":{"self":[{"href":"http:\/\/www.bnw-mineral.com\/index.php?rest_route=\/wp\/v2\/pages\/27","targetHints":{"allow":["GET"]}}],"collection":[{"href":"http:\/\/www.bnw-mineral.com\/index.php?rest_route=\/wp\/v2\/pages"}],"about":[{"href":"http:\/\/www.bnw-mineral.com\/index.php?rest_route=\/wp\/v2\/types\/page"}],"author":[{"embeddable":true,"href":"http:\/\/www.bnw-mineral.com\/index.php?rest_route=\/wp\/v2\/users\/1"}],"replies":[{"embeddable":true,"href":"http:\/\/www.bnw-mineral.com\/index.php?rest_route=%2Fwp%2Fv2%2Fcomments&post=27"}],"version-history":[{"count":1,"href":"http:\/\/www.bnw-mineral.com\/index.php?rest_route=\/wp\/v2\/pages\/27\/revisions"}],"predecessor-version":[{"id":28,"href":"http:\/\/www.bnw-mineral.com\/index.php?rest_route=\/wp\/v2\/pages\/27\/revisions\/28"}],"wp:attachment":[{"href":"http:\/\/www.bnw-mineral.com\/index.php?rest_route=%2Fwp%2Fv2%2Fmedia&parent=27"}],"curies":[{"name":"wp","href":"https:\/\/api.w.org\/{rel}","templated":true}]}}