{"id":42,"date":"2025-07-17T02:04:48","date_gmt":"2025-07-17T08:04:48","guid":{"rendered":"https:\/\/www.bnw-mineral.com\/?page_id=42"},"modified":"2025-07-17T02:04:48","modified_gmt":"2025-07-17T08:04:48","slug":"linken","status":"publish","type":"page","link":"https:\/\/www.bnw-mineral.com\/?page_id=42","title":{"rendered":"Linken"},"content":{"rendered":"\n<pre id=\"tw-target-text\" class=\"wp-block-preformatted\">Linken<\/pre>\n\n\n\n<pre id=\"tw-target-rmn\" class=\"wp-block-preformatted\">Kuckt Iech de Link hei \u00ebnnendr\u00ebnner un, fir m\u00e9i doriwwer ze w\u00ebssen<br><a href=\"https:\/\/www.easybook.com\/en-sg\/bus\/booking\/singapore-to-kualalumpur\n\">https:\/\/www.easybook.com\/en-sg\/bus\/booking\/singapore-to-kualalumpur<br><\/a><a href=\"https:\/\/www.easybook.com\/en-sg\/bus\/booking\/singapore-to-penang\n\">https:\/\/www.easybook.com\/en-sg\/bus\/booking\/singapore-to-penang<br><\/a><a href=\"https:\/\/www.easybook.com\/en-sg\/bus\/booking\/singapore-to-johorbahru\">https:\/\/www.easybook.com\/en-sg\/bus\/booking\/singapore-to-johorbahru<\/a><\/pre>\n","protected":false},"excerpt":{"rendered":"<p>Linken Kuckt Iech de Link hei \u00ebnnendr\u00ebnner un, fir m\u00e9i doriwwer ze w\u00ebssenhttps:\/\/www.easybook.com\/en-sg\/bus\/booking\/singapore-to-kualalumpurhttps:\/\/www.easybook.com\/en-sg\/bus\/booking\/singapore-to-penanghttps:\/\/www.easybook.com\/en-sg\/bus\/booking\/singapore-to-johorbahru<\/p>\n","protected":false},"author":1,"featured_media":0,"parent":0,"menu_order":0,"comment_status":"closed","ping_status":"closed","template":"","meta":{"footnotes":""},"class_list":["post-42","page","type-page","status-publish","hentry"],"_links":{"self":[{"href":"https:\/\/www.bnw-mineral.com\/index.php?rest_route=\/wp\/v2\/pages\/42","targetHints":{"allow":["GET"]}}],"collection":[{"href":"https:\/\/www.bnw-mineral.com\/index.php?rest_route=\/wp\/v2\/pages"}],"about":[{"href":"https:\/\/www.bnw-mineral.com\/index.php?rest_route=\/wp\/v2\/types\/page"}],"author":[{"embeddable":true,"href":"https:\/\/www.bnw-mineral.com\/index.php?rest_route=\/wp\/v2\/users\/1"}],"replies":[{"embeddable":true,"href":"https:\/\/www.bnw-mineral.com\/index.php?rest_route=%2Fwp%2Fv2%2Fcomments&post=42"}],"version-history":[{"count":1,"href":"https:\/\/www.bnw-mineral.com\/index.php?rest_route=\/wp\/v2\/pages\/42\/revisions"}],"predecessor-version":[{"id":44,"href":"https:\/\/www.bnw-mineral.com\/index.php?rest_route=\/wp\/v2\/pages\/42\/revisions\/44"}],"wp:attachment":[{"href":"https:\/\/www.bnw-mineral.com\/index.php?rest_route=%2Fwp%2Fv2%2Fmedia&parent=42"}],"curies":[{"name":"wp","href":"https:\/\/api.w.org\/{rel}","templated":true}]}}